{"id":151,"date":"2024-06-27T05:21:31","date_gmt":"2024-06-27T05:21:31","guid":{"rendered":"https:\/\/suessmuth.natural-logix.de\/?page_id=151"},"modified":"2024-06-27T12:44:34","modified_gmt":"2024-06-27T12:44:34","slug":"vorsorgeboegen","status":"publish","type":"page","link":"https:\/\/suessmuth.natural-logix.de\/?page_id=151","title":{"rendered":"Vorsorgeb\u00f6gen"},"content":{"rendered":"<p>[et_pb_section fb_built=&#8220;1&#8243; admin_label=&#8220;Call to Action&#8220; _builder_version=&#8220;4.19.1&#8243; _module_preset=&#8220;default&#8220; background_color=&#8220;#008791&#8243; locked=&#8220;off&#8220; collapsed=&#8220;on&#8220; global_colors_info=&#8220;{}&#8220;][et_pb_row _builder_version=&#8220;4.19.1&#8243; _module_preset=&#8220;default&#8220; max_width=&#8220;860px&#8220; global_colors_info=&#8220;{}&#8220;][et_pb_column type=&#8220;4_4&#8243; _builder_version=&#8220;4.17.6&#8243; _module_preset=&#8220;default&#8220; global_colors_info=&#8220;{}&#8220;][et_pb_text _builder_version=&#8220;4.19.1&#8243; _module_preset=&#8220;b327cbe4-b1d5-4b66-ad37-40c8f2f061ba&#8220; header_2_font=&#8220;Open Sans|700|||||||&#8220; header_2_text_color=&#8220;#FFFFFF&#8220; header_2_font_size=&#8220;48px&#8220; header_2_line_height=&#8220;1.2em&#8220; text_orientation=&#8220;center&#8220; header_2_font_size_tablet=&#8220;32px&#8220; header_2_font_size_phone=&#8220;20px&#8220; header_2_font_size_last_edited=&#8220;on|desktop&#8220; global_colors_info=&#8220;{}&#8220;]<\/p>\n<h2>Vorsorgeb\u00f6gen<\/h2>\n<p>[\/et_pb_text][\/et_pb_column][\/et_pb_row][\/et_pb_section][et_pb_section fb_built=&#8220;1&#8243; admin_label=&#8220;Header&#8220; _builder_version=&#8220;4.19.1&#8243; _module_preset=&#8220;default&#8220; background_color=&#8220;#faf5ef&#8220; custom_padding=&#8220;40px||0px||false|false&#8220; collapsed=&#8220;on&#8220; global_colors_info=&#8220;{}&#8220;][et_pb_row column_structure=&#8220;1_3,2_3&#8243; _builder_version=&#8220;4.19.1&#8243; _module_preset=&#8220;default&#8220; custom_padding=&#8220;||73px|||&#8220; global_colors_info=&#8220;{}&#8220;][et_pb_column type=&#8220;1_3&#8243; _builder_version=&#8220;4.17.6&#8243; _module_preset=&#8220;default&#8220; global_colors_info=&#8220;{}&#8220;][et_pb_text _builder_version=&#8220;4.19.1&#8243; _module_preset=&#8220;default&#8220; link_text_color=&#8220;#008791&#8243; header_2_font=&#8220;Open Sans||||||||&#8220; header_2_font_size=&#8220;15px&#8220; header_2_line_height=&#8220;0.6em&#8220; global_colors_info=&#8220;{}&#8220;]<\/p>\n<p><a href=\"https:\/\/suessmuth.natural-logix.de\/wp-content\/uploads\/2024\/06\/Fragebogen-U2.pdf\" rel=\"attachment wp-att-160\">Fragebogen U2<\/a><br \/><a href=\"https:\/\/suessmuth.natural-logix.de\/wp-content\/uploads\/2024\/06\/Fragebogen-U3.pdf\" rel=\"attachment wp-att-161\">Fragebogen U3<\/a><br \/><a href=\"https:\/\/suessmuth.natural-logix.de\/wp-content\/uploads\/2024\/06\/Fragebogen-U4.pdf\" rel=\"attachment wp-att-162\">Fragebogen U4<\/a><br \/><a href=\"https:\/\/suessmuth.natural-logix.de\/wp-content\/uploads\/2024\/06\/Fragebogen-U5.pdf\" rel=\"attachment wp-att-163\">Fragebogen U5<\/a><br \/><a href=\"https:\/\/suessmuth.natural-logix.de\/wp-content\/uploads\/2024\/06\/Fragebogen-U6.pdf\" rel=\"attachment wp-att-164\">Fragebogen U6<\/a><br \/><a href=\"https:\/\/suessmuth.natural-logix.de\/wp-content\/uploads\/2024\/06\/Fragebogen-U7.pdf\" rel=\"attachment wp-att-165\">Fragebogen U7<\/a><br \/><a href=\"https:\/\/suessmuth.natural-logix.de\/wp-content\/uploads\/2024\/06\/Fragebogen-U7a.pdf\" rel=\"attachment wp-att-166\">Fragebogen U7a<\/a><br \/><a href=\"https:\/\/suessmuth.natural-logix.de\/wp-content\/uploads\/2024\/06\/Fragebogen-U8.pdf\" rel=\"attachment wp-att-167\">Fragebogen U8<\/a><br \/><a href=\"https:\/\/suessmuth.natural-logix.de\/wp-content\/uploads\/2024\/06\/Fragebogen-U9.pdf\" rel=\"attachment wp-att-168\">Fragebogen U9<\/a><br \/><a href=\"https:\/\/suessmuth.natural-logix.de\/wp-content\/uploads\/2024\/06\/Fragebogen-U10.pdf\" rel=\"attachment wp-att-169\">Fragebogen U10<\/a><br \/><a href=\"https:\/\/suessmuth.natural-logix.de\/wp-content\/uploads\/2024\/06\/Fragebogen-U11.pdf\" rel=\"attachment wp-att-170\">Fragebogen U11<\/a><\/p>\n<p><a href=\"https:\/\/suessmuth.natural-logix.de\/wp-content\/uploads\/2024\/06\/J1J2-Elternfragebogen.pdf\" rel=\"attachment wp-att-171\">J1+J2 Elternfragebogen<\/a><br \/><a href=\"https:\/\/suessmuth.natural-logix.de\/wp-content\/uploads\/2024\/06\/J1J2-Jugendlichenfragebogen.pdf\" rel=\"attachment wp-att-172\">J1+J2 Jugendlichenfragebogen<\/a><br \/><a href=\"https:\/\/suessmuth.natural-logix.de\/wp-content\/uploads\/2024\/06\/J1-Elternfragebogen-Vorerkrankungen.pdf\" rel=\"attachment wp-att-173\">J1-Elternfragebogen Vorerkrankungen<\/a><br \/><a href=\"https:\/\/suessmuth.natural-logix.de\/wp-content\/uploads\/2024\/06\/J1-Satzergaenzungstext.pdf\" rel=\"attachment wp-att-174\">J1-Satzergaenzungstext<\/a><\/p>\n<p><b><\/b><\/p>\n<p>[\/et_pb_text][\/et_pb_column][et_pb_column type=&#8220;2_3&#8243; _builder_version=&#8220;4.17.6&#8243; _module_preset=&#8220;default&#8220; global_colors_info=&#8220;{}&#8220;][et_pb_image src=&#8220;https:\/\/suessmuth.natural-logix.de\/wp-content\/uploads\/2024\/06\/vorsorge2.jpg&#8220; title_text=&#8220;vorsorge1&#8243; _builder_version=&#8220;4.19.1&#8243; _module_preset=&#8220;default&#8220; custom_padding=&#8220;||0px|||&#8220; hover_enabled=&#8220;0&#8243; global_colors_info=&#8220;{}&#8220; sticky_enabled=&#8220;0&#8243;][\/et_pb_image][\/et_pb_column][\/et_pb_row][\/et_pb_section]<\/p>\n","protected":false},"excerpt":{"rendered":"<p>Vorsorgeb\u00f6genFragebogen U2Fragebogen U3Fragebogen U4Fragebogen U5Fragebogen U6Fragebogen U7Fragebogen U7aFragebogen U8Fragebogen U9Fragebogen U10Fragebogen U11 J1+J2 ElternfragebogenJ1+J2 JugendlichenfragebogenJ1-Elternfragebogen VorerkrankungenJ1-Satzergaenzungstext<\/p>\n","protected":false},"author":2,"featured_media":0,"parent":0,"menu_order":0,"comment_status":"closed","ping_status":"closed","template":"","meta":{"_et_pb_use_builder":"on","_et_pb_old_content":"","_et_gb_content_width":""},"yoast_head":"<!-- This site is optimized with the Yoast SEO plugin v19.10 - https:\/\/yoast.com\/wordpress\/plugins\/seo\/ -->\n<title>Vorsorgeb\u00f6gen - KinderArztpraxis Mellendorf, Dr. med. Sandra S\u00fc\u00dfmuth<\/title>\n<meta name=\"robots\" content=\"index, follow, max-snippet:-1, max-image-preview:large, max-video-preview:-1\" \/>\n<link rel=\"canonical\" href=\"https:\/\/suessmuth.natural-logix.de\/?page_id=151\" \/>\n<meta property=\"og:locale\" content=\"de_DE\" \/>\n<meta property=\"og:type\" content=\"article\" \/>\n<meta property=\"og:title\" content=\"Vorsorgeb\u00f6gen - KinderArztpraxis Mellendorf, Dr. med. Sandra S\u00fc\u00dfmuth\" \/>\n<meta property=\"og:description\" content=\"Vorsorgeb\u00f6genFragebogen U2Fragebogen U3Fragebogen U4Fragebogen U5Fragebogen U6Fragebogen U7Fragebogen U7aFragebogen U8Fragebogen U9Fragebogen U10Fragebogen U11 J1+J2 ElternfragebogenJ1+J2 JugendlichenfragebogenJ1-Elternfragebogen VorerkrankungenJ1-Satzergaenzungstext\" \/>\n<meta property=\"og:url\" content=\"https:\/\/suessmuth.natural-logix.de\/?page_id=151\" \/>\n<meta property=\"og:site_name\" content=\"KinderArztpraxis Mellendorf, Dr. med. Sandra S\u00fc\u00dfmuth\" \/>\n<meta property=\"article:modified_time\" content=\"2024-06-27T12:44:34+00:00\" \/>\n<meta name=\"twitter:card\" content=\"summary_large_image\" \/>\n<meta name=\"twitter:label1\" content=\"Gesch\u00e4tzte Lesezeit\" \/>\n\t<meta name=\"twitter:data1\" content=\"1\u00a0Minute\" \/>\n<script type=\"application\/ld+json\" class=\"yoast-schema-graph\">{\"@context\":\"https:\/\/schema.org\",\"@graph\":[{\"@type\":\"WebPage\",\"@id\":\"https:\/\/suessmuth.natural-logix.de\/?page_id=151\",\"url\":\"https:\/\/suessmuth.natural-logix.de\/?page_id=151\",\"name\":\"Vorsorgeb\u00f6gen - KinderArztpraxis Mellendorf, Dr. med. Sandra S\u00fc\u00dfmuth\",\"isPartOf\":{\"@id\":\"https:\/\/suessmuth.natural-logix.de\/#website\"},\"datePublished\":\"2024-06-27T05:21:31+00:00\",\"dateModified\":\"2024-06-27T12:44:34+00:00\",\"breadcrumb\":{\"@id\":\"https:\/\/suessmuth.natural-logix.de\/?page_id=151#breadcrumb\"},\"inLanguage\":\"de\",\"potentialAction\":[{\"@type\":\"ReadAction\",\"target\":[\"https:\/\/suessmuth.natural-logix.de\/?page_id=151\"]}]},{\"@type\":\"BreadcrumbList\",\"@id\":\"https:\/\/suessmuth.natural-logix.de\/?page_id=151#breadcrumb\",\"itemListElement\":[{\"@type\":\"ListItem\",\"position\":1,\"name\":\"Startseite\",\"item\":\"https:\/\/suessmuth.natural-logix.de\/\"},{\"@type\":\"ListItem\",\"position\":2,\"name\":\"Vorsorgeb\u00f6gen\"}]},{\"@type\":\"WebSite\",\"@id\":\"https:\/\/suessmuth.natural-logix.de\/#website\",\"url\":\"https:\/\/suessmuth.natural-logix.de\/\",\"name\":\"KinderArztpraxis Mellendorf, Dr. med. Sandra S\u00fc\u00dfmuth\",\"description\":\"\",\"potentialAction\":[{\"@type\":\"SearchAction\",\"target\":{\"@type\":\"EntryPoint\",\"urlTemplate\":\"https:\/\/suessmuth.natural-logix.de\/?s={search_term_string}\"},\"query-input\":\"required name=search_term_string\"}],\"inLanguage\":\"de\"}]}<\/script>\n<!-- \/ Yoast SEO plugin. -->","yoast_head_json":{"title":"Vorsorgeb\u00f6gen - KinderArztpraxis Mellendorf, Dr. med. Sandra S\u00fc\u00dfmuth","robots":{"index":"index","follow":"follow","max-snippet":"max-snippet:-1","max-image-preview":"max-image-preview:large","max-video-preview":"max-video-preview:-1"},"canonical":"https:\/\/suessmuth.natural-logix.de\/?page_id=151","og_locale":"de_DE","og_type":"article","og_title":"Vorsorgeb\u00f6gen - KinderArztpraxis Mellendorf, Dr. med. Sandra S\u00fc\u00dfmuth","og_description":"Vorsorgeb\u00f6genFragebogen U2Fragebogen U3Fragebogen U4Fragebogen U5Fragebogen U6Fragebogen U7Fragebogen U7aFragebogen U8Fragebogen U9Fragebogen U10Fragebogen U11 J1+J2 ElternfragebogenJ1+J2 JugendlichenfragebogenJ1-Elternfragebogen VorerkrankungenJ1-Satzergaenzungstext","og_url":"https:\/\/suessmuth.natural-logix.de\/?page_id=151","og_site_name":"KinderArztpraxis Mellendorf, Dr. med. Sandra S\u00fc\u00dfmuth","article_modified_time":"2024-06-27T12:44:34+00:00","twitter_card":"summary_large_image","twitter_misc":{"Gesch\u00e4tzte Lesezeit":"1\u00a0Minute"},"schema":{"@context":"https:\/\/schema.org","@graph":[{"@type":"WebPage","@id":"https:\/\/suessmuth.natural-logix.de\/?page_id=151","url":"https:\/\/suessmuth.natural-logix.de\/?page_id=151","name":"Vorsorgeb\u00f6gen - KinderArztpraxis Mellendorf, Dr. med. Sandra S\u00fc\u00dfmuth","isPartOf":{"@id":"https:\/\/suessmuth.natural-logix.de\/#website"},"datePublished":"2024-06-27T05:21:31+00:00","dateModified":"2024-06-27T12:44:34+00:00","breadcrumb":{"@id":"https:\/\/suessmuth.natural-logix.de\/?page_id=151#breadcrumb"},"inLanguage":"de","potentialAction":[{"@type":"ReadAction","target":["https:\/\/suessmuth.natural-logix.de\/?page_id=151"]}]},{"@type":"BreadcrumbList","@id":"https:\/\/suessmuth.natural-logix.de\/?page_id=151#breadcrumb","itemListElement":[{"@type":"ListItem","position":1,"name":"Startseite","item":"https:\/\/suessmuth.natural-logix.de\/"},{"@type":"ListItem","position":2,"name":"Vorsorgeb\u00f6gen"}]},{"@type":"WebSite","@id":"https:\/\/suessmuth.natural-logix.de\/#website","url":"https:\/\/suessmuth.natural-logix.de\/","name":"KinderArztpraxis Mellendorf, Dr. med. Sandra S\u00fc\u00dfmuth","description":"","potentialAction":[{"@type":"SearchAction","target":{"@type":"EntryPoint","urlTemplate":"https:\/\/suessmuth.natural-logix.de\/?s={search_term_string}"},"query-input":"required name=search_term_string"}],"inLanguage":"de"}]}},"_links":{"self":[{"href":"https:\/\/suessmuth.natural-logix.de\/index.php?rest_route=\/wp\/v2\/pages\/151"}],"collection":[{"href":"https:\/\/suessmuth.natural-logix.de\/index.php?rest_route=\/wp\/v2\/pages"}],"about":[{"href":"https:\/\/suessmuth.natural-logix.de\/index.php?rest_route=\/wp\/v2\/types\/page"}],"author":[{"embeddable":true,"href":"https:\/\/suessmuth.natural-logix.de\/index.php?rest_route=\/wp\/v2\/users\/2"}],"replies":[{"embeddable":true,"href":"https:\/\/suessmuth.natural-logix.de\/index.php?rest_route=%2Fwp%2Fv2%2Fcomments&post=151"}],"version-history":[{"count":8,"href":"https:\/\/suessmuth.natural-logix.de\/index.php?rest_route=\/wp\/v2\/pages\/151\/revisions"}],"predecessor-version":[{"id":225,"href":"https:\/\/suessmuth.natural-logix.de\/index.php?rest_route=\/wp\/v2\/pages\/151\/revisions\/225"}],"wp:attachment":[{"href":"https:\/\/suessmuth.natural-logix.de\/index.php?rest_route=%2Fwp%2Fv2%2Fmedia&parent=151"}],"curies":[{"name":"wp","href":"https:\/\/api.w.org\/{rel}","templated":true}]}}