{"id":62,"date":"2022-12-10T15:14:44","date_gmt":"2022-12-10T15:14:44","guid":{"rendered":"https:\/\/suessmuth.natural-logix.de\/?page_id=62"},"modified":"2022-12-12T08:46:29","modified_gmt":"2022-12-12T08:46:29","slug":"startseite","status":"publish","type":"page","link":"https:\/\/suessmuth.natural-logix.de\/?page_id=62","title":{"rendered":"Leistungen"},"content":{"rendered":"<p>[et_pb_section fb_built=&#8220;1&#8243; admin_label=&#8220;Call to Action&#8220; _builder_version=&#8220;4.19.1&#8243; _module_preset=&#8220;default&#8220; background_color=&#8220;#008791&#8243; locked=&#8220;off&#8220; collapsed=&#8220;on&#8220; global_colors_info=&#8220;{}&#8220;][et_pb_row _builder_version=&#8220;4.19.1&#8243; _module_preset=&#8220;default&#8220; max_width=&#8220;860px&#8220; global_colors_info=&#8220;{}&#8220;][et_pb_column type=&#8220;4_4&#8243; _builder_version=&#8220;4.17.6&#8243; _module_preset=&#8220;default&#8220; global_colors_info=&#8220;{}&#8220;][et_pb_text _builder_version=&#8220;4.19.1&#8243; _module_preset=&#8220;b327cbe4-b1d5-4b66-ad37-40c8f2f061ba&#8220; header_2_font=&#8220;Open Sans|700|||||||&#8220; header_2_text_color=&#8220;#FFFFFF&#8220; header_2_font_size=&#8220;48px&#8220; header_2_line_height=&#8220;1.2em&#8220; text_orientation=&#8220;center&#8220; header_2_font_size_tablet=&#8220;32px&#8220; header_2_font_size_phone=&#8220;20px&#8220; header_2_font_size_last_edited=&#8220;on|desktop&#8220; global_colors_info=&#8220;{}&#8220;]<\/p>\n<h2>Unsere Leistungen<\/h2>\n<p>[\/et_pb_text][\/et_pb_column][\/et_pb_row][\/et_pb_section][et_pb_section fb_built=&#8220;1&#8243; admin_label=&#8220;Header&#8220; _builder_version=&#8220;4.19.1&#8243; _module_preset=&#8220;default&#8220; background_color=&#8220;#faf5ef&#8220; custom_padding=&#8220;||0px||false|false&#8220; collapsed=&#8220;on&#8220; global_colors_info=&#8220;{}&#8220;][et_pb_row column_structure=&#8220;1_2,1_2&#8243; _builder_version=&#8220;4.19.1&#8243; _module_preset=&#8220;default&#8220; custom_padding=&#8220;||98px|||&#8220; global_colors_info=&#8220;{}&#8220;][et_pb_column type=&#8220;1_2&#8243; _builder_version=&#8220;4.17.6&#8243; _module_preset=&#8220;default&#8220; global_colors_info=&#8220;{}&#8220;][et_pb_image src=&#8220;https:\/\/suessmuth.natural-logix.de\/wp-content\/uploads\/2022\/12\/hausaerztlicheversorgung1.jpg&#8220; title_text=&#8220;hausaerztlicheversorgung1&#8243; _builder_version=&#8220;4.19.1&#8243; _module_preset=&#8220;default&#8220; custom_margin=&#8220;||38px|||&#8220; hover_enabled=&#8220;0&#8243; global_colors_info=&#8220;{}&#8220; sticky_enabled=&#8220;0&#8243;][\/et_pb_image][et_pb_text _builder_version=&#8220;4.19.1&#8243; _module_preset=&#8220;default&#8220; header_2_font=&#8220;Open Sans||||||||&#8220; header_2_font_size=&#8220;15px&#8220; header_2_line_height=&#8220;1.4em&#8220; global_colors_info=&#8220;{}&#8220;]<\/p>\n<h2><strong>Haus\u00e4rztliche Versorgung\u00a0<\/strong><strong>von Kindern und Jugendlichen<\/strong><\/h2>\n<h2><strong>bis zum 18. Geburtstag:<\/strong><\/h2>\n<p><strong><\/strong><\/p>\n<ul>\n<li><span><\/span><span>Vorsorgeuntersuchungen f\u00fcr Kinder und Jugendliche (U2-J2)<\/span><\/li>\n<li><span><\/span><span>Impfungen (auch der ganzen Familie)<\/span><\/li>\n<li><span><\/span><span>Entwicklungsdiagnostik<\/span><\/li>\n<li><span><\/span><span>Sehtestungen, inkl. Amblyopie-Screening (Fr\u00fcherkennung)<\/span><\/li>\n<li><span><\/span><span>H\u00f6rtestungen<\/span><\/li>\n<li><span><\/span><span>Sprachtestungen<\/span><\/li>\n<li><span><\/span><span>Labor (Blut, Urin, Stuhl, Abstriche)<\/span><\/li>\n<li><span><\/span><span>Ultraschalldiagnostik (Sonographie)<\/span><\/li>\n<li><span><\/span><span>Psychosomatische Grundversorgung<\/span><\/li>\n<li><span><\/span><span>Sozialp\u00e4diatrie<\/span><\/li>\n<\/ul>\n<p><span class=\"Apple-tab-span\"> <\/span>u.v.m.<span class=\"Apple-converted-space\">\u00a0<\/span><span><\/span><\/p>\n<p>[\/et_pb_text][\/et_pb_column][et_pb_column type=&#8220;1_2&#8243; _builder_version=&#8220;4.17.6&#8243; _module_preset=&#8220;default&#8220; global_colors_info=&#8220;{}&#8220;][et_pb_image src=&#8220;https:\/\/suessmuth.natural-logix.de\/wp-content\/uploads\/2022\/12\/allergologie.jpg&#8220; title_text=&#8220;allergologie&#8220; _builder_version=&#8220;4.19.1&#8243; _module_preset=&#8220;default&#8220; custom_margin=&#8220;||38px|||&#8220; global_colors_info=&#8220;{}&#8220;][\/et_pb_image][et_pb_text _builder_version=&#8220;4.19.1&#8243; _module_preset=&#8220;default&#8220; header_2_font=&#8220;Open Sans||||||||&#8220; header_2_font_size=&#8220;15px&#8220; header_2_line_height=&#8220;1.4em&#8220; global_colors_info=&#8220;{}&#8220;]<\/p>\n<h2><strong>Fach\u00e4rztliche Spezialsprechstunden<\/strong><\/h2>\n<h2><strong>f\u00fcr Pneumologie und Allergologie:<\/strong><\/h2>\n<p>&nbsp;<\/p>\n<ul>\n<li><span><\/span><span>Betreuung von Kindern und Jugendlichen mit Allergien, h\u00e4ufigen und seltenen Atemwegserkrankungen<\/span><\/li>\n<li><span><\/span><span>Lungenfunktiondiagnostik (Bodyplethysmographie, Spirometrie)<\/span><\/li>\n<li><span><\/span><span>Messung der allergischen Atemwegsentz\u00fcndung (FeNO)<\/span><\/li>\n<li><span><\/span><span>Allergiediagnostik (Pricktest, Intra-\/Epicutantest, RAST, Komponentendiagnostik)<\/span><\/li>\n<li><span><\/span><span>Provokationstestung (bronchial, nasal, oral)<\/span><\/li>\n<li><span><\/span><span>Pulsoxymetrie<\/span><\/li>\n<li><span><\/span><span>Thorax-Sonographie<\/span><\/li>\n<li><span><\/span><span>Schulungen: Asthma, Allergien, Anaphylaxie, Neurodermitis, Inhalation<\/span><\/li>\n<li><span><\/span><span>DMP Asthma bronchiale (Stufe 1 und 2)<\/span><\/li>\n<li><span><\/span><span>Desensibilisierungstherapien gegen\u00fcber Allergenen<\/span><\/li>\n<\/ul>\n<p>[\/et_pb_text][\/et_pb_column][\/et_pb_row][\/et_pb_section]<\/p>\n","protected":false},"excerpt":{"rendered":"<p>Unsere LeistungenHaus\u00e4rztliche Versorgung\u00a0von Kindern und Jugendlichen bis zum 18. Geburtstag: Vorsorgeuntersuchungen f\u00fcr Kinder und Jugendliche (U2-J2) Impfungen (auch der ganzen Familie) Entwicklungsdiagnostik Sehtestungen, inkl. Amblyopie-Screening (Fr\u00fcherkennung) H\u00f6rtestungen Sprachtestungen Labor (Blut, Urin, Stuhl, Abstriche) Ultraschalldiagnostik (Sonographie) Psychosomatische Grundversorgung Sozialp\u00e4diatrie u.v.m.\u00a0Fach\u00e4rztliche Spezialsprechstunden f\u00fcr Pneumologie und Allergologie: &nbsp; Betreuung von Kindern und Jugendlichen mit Allergien, h\u00e4ufigen und seltenen [&hellip;]<\/p>\n","protected":false},"author":2,"featured_media":0,"parent":0,"menu_order":0,"comment_status":"closed","ping_status":"closed","template":"","meta":{"_et_pb_use_builder":"on","_et_pb_old_content":"","_et_gb_content_width":""},"yoast_head":"<!-- This site is optimized with the Yoast SEO plugin v19.10 - https:\/\/yoast.com\/wordpress\/plugins\/seo\/ -->\n<title>Leistungen - KinderArztpraxis Mellendorf, Dr. med. Sandra S\u00fc\u00dfmuth<\/title>\n<meta name=\"robots\" content=\"index, follow, max-snippet:-1, max-image-preview:large, max-video-preview:-1\" \/>\n<link rel=\"canonical\" href=\"https:\/\/suessmuth.natural-logix.de\/?page_id=62\" \/>\n<meta property=\"og:locale\" content=\"de_DE\" \/>\n<meta property=\"og:type\" content=\"article\" \/>\n<meta property=\"og:title\" content=\"Leistungen - KinderArztpraxis Mellendorf, Dr. med. Sandra S\u00fc\u00dfmuth\" \/>\n<meta property=\"og:description\" content=\"Unsere LeistungenHaus\u00e4rztliche Versorgung\u00a0von Kindern und Jugendlichen bis zum 18. Geburtstag: Vorsorgeuntersuchungen f\u00fcr Kinder und Jugendliche (U2-J2) Impfungen (auch der ganzen Familie) Entwicklungsdiagnostik Sehtestungen, inkl. Amblyopie-Screening (Fr\u00fcherkennung) H\u00f6rtestungen Sprachtestungen Labor (Blut, Urin, Stuhl, Abstriche) Ultraschalldiagnostik (Sonographie) Psychosomatische Grundversorgung Sozialp\u00e4diatrie u.v.m.\u00a0Fach\u00e4rztliche Spezialsprechstunden f\u00fcr Pneumologie und Allergologie: &nbsp; Betreuung von Kindern und Jugendlichen mit Allergien, h\u00e4ufigen und seltenen [&hellip;]\" \/>\n<meta property=\"og:url\" content=\"https:\/\/suessmuth.natural-logix.de\/?page_id=62\" \/>\n<meta property=\"og:site_name\" content=\"KinderArztpraxis Mellendorf, Dr. med. Sandra S\u00fc\u00dfmuth\" \/>\n<meta property=\"article:modified_time\" content=\"2022-12-12T08:46:29+00:00\" \/>\n<meta name=\"twitter:card\" content=\"summary_large_image\" \/>\n<meta name=\"twitter:label1\" content=\"Gesch\u00e4tzte Lesezeit\" \/>\n\t<meta name=\"twitter:data1\" content=\"13\u00a0Minuten\" \/>\n<script type=\"application\/ld+json\" class=\"yoast-schema-graph\">{\"@context\":\"https:\/\/schema.org\",\"@graph\":[{\"@type\":\"WebPage\",\"@id\":\"https:\/\/suessmuth.natural-logix.de\/?page_id=62\",\"url\":\"https:\/\/suessmuth.natural-logix.de\/?page_id=62\",\"name\":\"Leistungen - KinderArztpraxis Mellendorf, Dr. med. Sandra S\u00fc\u00dfmuth\",\"isPartOf\":{\"@id\":\"https:\/\/suessmuth.natural-logix.de\/#website\"},\"datePublished\":\"2022-12-10T15:14:44+00:00\",\"dateModified\":\"2022-12-12T08:46:29+00:00\",\"breadcrumb\":{\"@id\":\"https:\/\/suessmuth.natural-logix.de\/?page_id=62#breadcrumb\"},\"inLanguage\":\"de\",\"potentialAction\":[{\"@type\":\"ReadAction\",\"target\":[\"https:\/\/suessmuth.natural-logix.de\/?page_id=62\"]}]},{\"@type\":\"BreadcrumbList\",\"@id\":\"https:\/\/suessmuth.natural-logix.de\/?page_id=62#breadcrumb\",\"itemListElement\":[{\"@type\":\"ListItem\",\"position\":1,\"name\":\"Startseite\",\"item\":\"https:\/\/suessmuth.natural-logix.de\/\"},{\"@type\":\"ListItem\",\"position\":2,\"name\":\"Leistungen\"}]},{\"@type\":\"WebSite\",\"@id\":\"https:\/\/suessmuth.natural-logix.de\/#website\",\"url\":\"https:\/\/suessmuth.natural-logix.de\/\",\"name\":\"KinderArztpraxis Mellendorf, Dr. med. Sandra S\u00fc\u00dfmuth\",\"description\":\"\",\"potentialAction\":[{\"@type\":\"SearchAction\",\"target\":{\"@type\":\"EntryPoint\",\"urlTemplate\":\"https:\/\/suessmuth.natural-logix.de\/?s={search_term_string}\"},\"query-input\":\"required name=search_term_string\"}],\"inLanguage\":\"de\"}]}<\/script>\n<!-- \/ Yoast SEO plugin. -->","yoast_head_json":{"title":"Leistungen - KinderArztpraxis Mellendorf, Dr. med. Sandra S\u00fc\u00dfmuth","robots":{"index":"index","follow":"follow","max-snippet":"max-snippet:-1","max-image-preview":"max-image-preview:large","max-video-preview":"max-video-preview:-1"},"canonical":"https:\/\/suessmuth.natural-logix.de\/?page_id=62","og_locale":"de_DE","og_type":"article","og_title":"Leistungen - KinderArztpraxis Mellendorf, Dr. med. Sandra S\u00fc\u00dfmuth","og_description":"Unsere LeistungenHaus\u00e4rztliche Versorgung\u00a0von Kindern und Jugendlichen bis zum 18. Geburtstag: Vorsorgeuntersuchungen f\u00fcr Kinder und Jugendliche (U2-J2) Impfungen (auch der ganzen Familie) Entwicklungsdiagnostik Sehtestungen, inkl. Amblyopie-Screening (Fr\u00fcherkennung) H\u00f6rtestungen Sprachtestungen Labor (Blut, Urin, Stuhl, Abstriche) Ultraschalldiagnostik (Sonographie) Psychosomatische Grundversorgung Sozialp\u00e4diatrie u.v.m.\u00a0Fach\u00e4rztliche Spezialsprechstunden f\u00fcr Pneumologie und Allergologie: &nbsp; Betreuung von Kindern und Jugendlichen mit Allergien, h\u00e4ufigen und seltenen [&hellip;]","og_url":"https:\/\/suessmuth.natural-logix.de\/?page_id=62","og_site_name":"KinderArztpraxis Mellendorf, Dr. med. Sandra S\u00fc\u00dfmuth","article_modified_time":"2022-12-12T08:46:29+00:00","twitter_card":"summary_large_image","twitter_misc":{"Gesch\u00e4tzte Lesezeit":"13\u00a0Minuten"},"schema":{"@context":"https:\/\/schema.org","@graph":[{"@type":"WebPage","@id":"https:\/\/suessmuth.natural-logix.de\/?page_id=62","url":"https:\/\/suessmuth.natural-logix.de\/?page_id=62","name":"Leistungen - KinderArztpraxis Mellendorf, Dr. med. Sandra S\u00fc\u00dfmuth","isPartOf":{"@id":"https:\/\/suessmuth.natural-logix.de\/#website"},"datePublished":"2022-12-10T15:14:44+00:00","dateModified":"2022-12-12T08:46:29+00:00","breadcrumb":{"@id":"https:\/\/suessmuth.natural-logix.de\/?page_id=62#breadcrumb"},"inLanguage":"de","potentialAction":[{"@type":"ReadAction","target":["https:\/\/suessmuth.natural-logix.de\/?page_id=62"]}]},{"@type":"BreadcrumbList","@id":"https:\/\/suessmuth.natural-logix.de\/?page_id=62#breadcrumb","itemListElement":[{"@type":"ListItem","position":1,"name":"Startseite","item":"https:\/\/suessmuth.natural-logix.de\/"},{"@type":"ListItem","position":2,"name":"Leistungen"}]},{"@type":"WebSite","@id":"https:\/\/suessmuth.natural-logix.de\/#website","url":"https:\/\/suessmuth.natural-logix.de\/","name":"KinderArztpraxis Mellendorf, Dr. med. Sandra S\u00fc\u00dfmuth","description":"","potentialAction":[{"@type":"SearchAction","target":{"@type":"EntryPoint","urlTemplate":"https:\/\/suessmuth.natural-logix.de\/?s={search_term_string}"},"query-input":"required name=search_term_string"}],"inLanguage":"de"}]}},"_links":{"self":[{"href":"https:\/\/suessmuth.natural-logix.de\/index.php?rest_route=\/wp\/v2\/pages\/62"}],"collection":[{"href":"https:\/\/suessmuth.natural-logix.de\/index.php?rest_route=\/wp\/v2\/pages"}],"about":[{"href":"https:\/\/suessmuth.natural-logix.de\/index.php?rest_route=\/wp\/v2\/types\/page"}],"author":[{"embeddable":true,"href":"https:\/\/suessmuth.natural-logix.de\/index.php?rest_route=\/wp\/v2\/users\/2"}],"replies":[{"embeddable":true,"href":"https:\/\/suessmuth.natural-logix.de\/index.php?rest_route=%2Fwp%2Fv2%2Fcomments&post=62"}],"version-history":[{"count":9,"href":"https:\/\/suessmuth.natural-logix.de\/index.php?rest_route=\/wp\/v2\/pages\/62\/revisions"}],"predecessor-version":[{"id":128,"href":"https:\/\/suessmuth.natural-logix.de\/index.php?rest_route=\/wp\/v2\/pages\/62\/revisions\/128"}],"wp:attachment":[{"href":"https:\/\/suessmuth.natural-logix.de\/index.php?rest_route=%2Fwp%2Fv2%2Fmedia&parent=62"}],"curies":[{"name":"wp","href":"https:\/\/api.w.org\/{rel}","templated":true}]}}