{"id":9,"date":"2022-12-12T08:22:12","date_gmt":"2022-12-12T08:22:12","guid":{"rendered":"https:\/\/suessmuth.natural-logix.de\/?page_id=9"},"modified":"2024-06-28T02:51:35","modified_gmt":"2024-06-28T02:51:35","slug":"start","status":"publish","type":"page","link":"https:\/\/suessmuth.natural-logix.de\/","title":{"rendered":"Start"},"content":{"rendered":"<p>[et_pb_section fb_built=&#8220;1&#8243; admin_label=&#8220;Header&#8220; _builder_version=&#8220;4.19.1&#8243; _module_preset=&#8220;default&#8220; background_image=&#8220;https:\/\/suessmuth.natural-logix.de\/wp-content\/uploads\/2024\/06\/headneu.jpg&#8220; custom_margin=&#8220;||12px||false|false&#8220; custom_padding=&#8220;4.1%||40px||false|false&#8220; border_width_all=&#8220;10vw&#8220; border_color_all=&#8220;#FAF5EF&#8220; border_width_top=&#8220;5vw&#8220; border_width_all_tablet=&#8220;5vw&#8220; border_width_all_phone=&#8220;5vw&#8220; border_width_all_last_edited=&#8220;on|tablet&#8220; locked=&#8220;off&#8220; global_colors_info=&#8220;{}&#8220;][et_pb_row custom_padding_last_edited=&#8220;on|desktop&#8220; admin_label=&#8220;Zeile&#8220; _builder_version=&#8220;4.17.6&#8243; _module_preset=&#8220;default&#8220; background_color=&#8220;#FFFFFF&#8220; custom_margin=&#8220;|auto|3.1%|auto|false|false&#8220; custom_padding=&#8220;50px|50px|50px|50px|true|true&#8220; custom_padding_tablet=&#8220;30px|30px|30px|30px|true|true&#8220; custom_padding_phone=&#8220;20px|20px|20px|20px|true|true&#8220; locked=&#8220;off&#8220; global_colors_info=&#8220;{}&#8220;][et_pb_column type=&#8220;4_4&#8243; _builder_version=&#8220;4.17.6&#8243; _module_preset=&#8220;default&#8220; global_colors_info=&#8220;{}&#8220;][et_pb_text _builder_version=&#8220;4.19.1&#8243; _module_preset=&#8220;e6504a1b-67eb-4b3d-b023-bcab277610b6&#8243; header_4_font=&#8220;Open Sans|700|||||||&#8220; header_4_text_color=&#8220;#6b6b6b&#8220; header_4_font_size=&#8220;19px&#8220; header_4_letter_spacing=&#8220;1px&#8220; header_4_line_height=&#8220;1.4em&#8220; text_orientation=&#8220;center&#8220; custom_margin=&#8220;||0px||false|false&#8220; custom_padding=&#8220;||0px|||&#8220; global_colors_info=&#8220;{}&#8220;]<\/p>\n<h4>Dr. med. Sandra S\u00fc\u00dfmuth<\/h4>\n<p>[\/et_pb_text][et_pb_text _builder_version=&#8220;4.19.1&#8243; _module_preset=&#8220;c16985e1-e0d6-4022-964d-e2bfc04fa633&#8243; header_font=&#8220;Open Sans|700|||||||&#8220; header_text_color=&#8220;#f6a800&#8243; header_font_size=&#8220;38px&#8220; header_letter_spacing=&#8220;0em&#8220; header_line_height=&#8220;1.2em&#8220; text_orientation=&#8220;center&#8220; custom_margin=&#8220;||1px|||&#8220; header_font_size_tablet=&#8220;40px&#8220; header_font_size_phone=&#8220;24px&#8220; header_font_size_last_edited=&#8220;on|desktop&#8220; global_colors_info=&#8220;{}&#8220;]<\/p>\n<h1>KinderArztpraxis Mellendorf<\/h1>\n<p>[\/et_pb_text][et_pb_text _builder_version=&#8220;4.19.1&#8243; _module_preset=&#8220;e6504a1b-67eb-4b3d-b023-bcab277610b6&#8243; header_4_font=&#8220;Open Sans|500|||||||&#8220; header_4_text_color=&#8220;#6b6b6b&#8220; header_4_font_size=&#8220;16px&#8220; header_4_line_height=&#8220;1.4em&#8220; text_orientation=&#8220;center&#8220; custom_margin=&#8220;||0px||false|false&#8220; global_colors_info=&#8220;{}&#8220;]<\/p>\n<h4><strong>Fach\u00e4rztin f\u00fcr Kinder- und Jugendmedizin, Kinderpneumologie, Allergologie<\/strong><\/h4>\n<p>[\/et_pb_text][et_pb_text _builder_version=&#8220;4.19.1&#8243; _module_preset=&#8220;e6504a1b-67eb-4b3d-b023-bcab277610b6&#8243; text_line_height=&#8220;1.3em&#8220; header_4_font=&#8220;Open Sans|500|||||||&#8220; header_4_text_color=&#8220;#6b6b6b&#8220; header_4_font_size=&#8220;16px&#8220; header_4_line_height=&#8220;1.4em&#8220; text_orientation=&#8220;center&#8220; custom_margin=&#8220;||0px||false|false&#8220; custom_padding=&#8220;32px|||||&#8220; global_colors_info=&#8220;{}&#8220;]<\/p>\n<p style=\"text-align: center;\">Liebe Kinder und Jugendliche, liebe Eltern,<br \/>\ndas Praxisteam hei\u00dft sie herzlich Willkommen auf der Webseite unserer Kinder- und Jugendarztpraxis.<\/p>\n<p style=\"text-align: center;\">Wir bieten das gesamte Spektrum der kinder-und jugend\u00e4rztlichen Grundversorgung mit zus\u00e4tzlichem Schwerpunkt auf Lungenerkrankungen und Allergien an (auch \u00fcberregional und auf Zuweisung).<\/p>\n<p style=\"text-align: center;\">Mit viel Erfahrung und immer den neuesten Stand der Medizin im Blick liegt uns das Wohl unser Patienten und deren Familien sehr am Herzen. Freundlichkeit, Aufmerksamkeit und Zeit f\u00fcr unsere Patienten und deren Anliegen sind uns wichtig.<\/p>\n<p>&nbsp;<\/p>\n<h4><strong>Sprechstunden<\/strong><\/h4>\n<p>Montag 08:30 &#8211; 12:00 Uhr und 15:00 &#8211; 17:00 Uhr<br \/>\nDienstag 08:30 Uhr &#8211; 12:00 Uhr und 15:00 -17:00 Uhr<br \/>\nMittwoch 08:30 &#8211; 12:00 Uhr<br \/>\nDonnerstag 08:30 &#8211; 12:00 Uhr und 15:00 &#8211; 17:00 Uhr<br \/>\nFreitag 08:30 &#8211; 12:00 Uhr<\/p>\n<p>und nach Vereinbarung<\/p>\n<p>&nbsp;[\/et_pb_text][\/et_pb_column][\/et_pb_row][\/et_pb_section][et_pb_section fb_built=&#8220;1&#8243; admin_label=&#8220;About&#8220; _builder_version=&#8220;4.17.6&#8243; _module_preset=&#8220;default&#8220; background_color=&#8220;#FAF5EF&#8220; custom_margin=&#8220;-118px|||||&#8220; custom_padding=&#8220;0px|||||&#8220; global_colors_info=&#8220;{}&#8220;][et_pb_row _builder_version=&#8220;4.19.1&#8243; _module_preset=&#8220;default&#8220; background_color=&#8220;#008791&#8243; global_colors_info=&#8220;{}&#8220;][et_pb_column type=&#8220;4_4&#8243; _builder_version=&#8220;4.17.6&#8243; _module_preset=&#8220;default&#8220; global_colors_info=&#8220;{}&#8220;][et_pb_text _builder_version=&#8220;4.19.1&#8243; _module_preset=&#8220;default&#8220; text_text_color=&#8220;#FFFFFF&#8220; link_text_color=&#8220;#0edbea&#8220; header_2_text_color=&#8220;#FFFFFF&#8220; header_2_font_size=&#8220;24px&#8220; custom_padding=&#8220;|50px||50px|false|false&#8220; hover_enabled=&#8220;0&#8243; global_colors_info=&#8220;{}&#8220; sticky_enabled=&#8220;0&#8243;]<\/p>\n<h2 style=\"text-align: center;\"><strong><\/strong><\/h2>\n<h2 style=\"text-align: center;\"><strong><\/strong><\/h2>\n<h2 style=\"text-align: center;\"><strong>Aktuelle Informationen<\/strong><\/h2>\n<p style=\"text-align: center;\">\u00a0Wir machen Urlaub! Die Praxis bleibt vom 08.07. bis 26.07.2024 geschlossen.<br \/>Die Vertretungen \u00fcbernehmen mit Bitte um telefonische Voranmeldung:<\/p>\n<p style=\"text-align: center;\">Praxis Drs Greve, 30900 Wedemark (08.-26.07.24), Tel. 05130-6282<br \/>Praxis Diegritz-Qaiyumi, 30853 Langenhagen (15.-26.07.24), Tel. 0511-9735197<br \/>Praxis Dr. Susi Frank, 30938 Burgwedel (08.-12.07.24), Tel. 05139-87463<br \/>Praxis Dr. Raeder, 30419 Hannover (21.-26.07.24), Tel. 0511-794477<br \/>Praxis H\u00fcbner, 30855 Langenhagen (15.-26.07.24), Tel. 0511-7795140<br \/>Praxis Herken, 30419 Hannover (15.-19.07.24), Tel. 0511-7002260<\/p>\n<p style=\"text-align: center;\">&#8211;\u00a0 &#8211;\u00a0 &#8211;<\/p>\n<p style=\"text-align: center;\">Da uns in letzter Zeit geh\u00e4uft Fragen hinsichtlich der Heilmitteltherapie erreichten, haben wir Ihnen hierzu eine <a href=\"https:\/\/suessmuth.natural-logix.de\/?page_id=188\">Informationsseite<\/a> erstellt.<br \/>Bei weiterf\u00fchrenden R\u00fcckfragen stehen wir Ihnen wie gewohnt gerne zur Verf\u00fcgung.<\/p>\n<p style=\"text-align: center;\">[\/et_pb_text][\/et_pb_column][\/et_pb_row][et_pb_row column_structure=&#8220;1_2,1_2&#8243; _builder_version=&#8220;4.17.6&#8243; _module_preset=&#8220;default&#8220; global_colors_info=&#8220;{}&#8220;][et_pb_column type=&#8220;1_2&#8243; _builder_version=&#8220;4.17.6&#8243; _module_preset=&#8220;default&#8220; global_colors_info=&#8220;{}&#8220;][et_pb_text _builder_version=&#8220;4.19.1&#8243; _module_preset=&#8220;1f09816e-184e-4ce5-a4cf-b39c52c423ca&#8220; text_font=&#8220;Open Sans||||||||&#8220; text_text_color=&#8220;#666666&#8243; text_font_size=&#8220;16px&#8220; text_line_height=&#8220;1.8em&#8220; link_text_color=&#8220;#666666&#8243; custom_margin=&#8220;43px|||||&#8220; text_font_size_tablet=&#8220;15px&#8220; text_font_size_phone=&#8220;14px&#8220; text_font_size_last_edited=&#8220;on|phone&#8220; header_font_size_tablet=&#8220;55px&#8220; header_font_size_last_edited=&#8220;off|desktop&#8220; global_colors_info=&#8220;{}&#8220;]<\/p>\n<p>Um Wartezeiten zu verringern und auch ausreichend Zeit f\u00fcr jeden Patienten und dessen individuelle Bed\u00fcrfnisse zu haben, bitten wir Sie darum IMMER einen Termin zu vereinbaren.<span class=\"Apple-converted-space\">\u00a0<\/span>Auch f\u00fcr akute Beschwerden werden wir Ihnen einen zeitnahen Termin am gleichen Tag anbieten k\u00f6nnen.<span class=\"Apple-converted-space\">\u00a0<\/span><\/p>\n<p style=\"text-align: justify;\">Sollen auch Geschwister untersucht oder behandelt werden, melden Sie auch diese bitte m\u00f6glichst vorher an.<\/p>\n<p style=\"text-align: justify;\">Sollten Sie einen Termin nicht einhalten k\u00f6nnen, bitten wir darum diesen telefonisch oder per Mail abzusagen, um diesen auch kurzfristig noch weitervergeben zu k\u00f6nnen.<span class=\"Apple-converted-space\">\u00a0<\/span><\/p>\n<p style=\"text-align: justify;\">Bitte bringen Sie f\u00fcr S\u00e4uglinge bei jedem Termin m\u00f6glichst eine Wickelunterlage oder ein Handtuch mit. Diese sind f\u00fcr das Kind kuscheliger und bequemer als unsere Papierunterlagen und bringen mehr Vertrauen.<span class=\"Apple-converted-space\">\u00a0<\/span><\/p>\n<p>[\/et_pb_text][\/et_pb_column][et_pb_column type=&#8220;1_2&#8243; _builder_version=&#8220;4.17.6&#8243; _module_preset=&#8220;default&#8220; global_colors_info=&#8220;{}&#8220;][et_pb_image src=&#8220;https:\/\/suessmuth.natural-logix.de\/wp-content\/uploads\/2022\/12\/suessmuth-sprechzeiten.jpg&#8220; title_text=&#8220;suessmuth-sprechzeiten&#8220; _builder_version=&#8220;4.19.1&#8243; _module_preset=&#8220;default&#8220; global_colors_info=&#8220;{}&#8220;][\/et_pb_image][\/et_pb_column][\/et_pb_row][\/et_pb_section]<\/p>\n","protected":false},"excerpt":{"rendered":"<p>Dr. med. Sandra S\u00fc\u00dfmuthKinderArztpraxis MellendorfFach\u00e4rztin f\u00fcr Kinder- und Jugendmedizin, Kinderpneumologie, AllergologieLiebe Kinder und Jugendliche, liebe Eltern, das Praxisteam hei\u00dft sie herzlich Willkommen auf der Webseite unserer Kinder- und Jugendarztpraxis. Wir bieten das gesamte Spektrum der kinder-und jugend\u00e4rztlichen Grundversorgung mit zus\u00e4tzlichem Schwerpunkt auf Lungenerkrankungen und Allergien an (auch \u00fcberregional und auf Zuweisung). Mit viel Erfahrung und [&hellip;]<\/p>\n","protected":false},"author":2,"featured_media":0,"parent":0,"menu_order":0,"comment_status":"closed","ping_status":"closed","template":"","meta":{"_et_pb_use_builder":"on","_et_pb_old_content":"","_et_gb_content_width":""},"yoast_head":"<!-- This site is optimized with the Yoast SEO plugin v19.10 - https:\/\/yoast.com\/wordpress\/plugins\/seo\/ -->\n<title>Start - KinderArztpraxis Mellendorf, Dr. med. Sandra S\u00fc\u00dfmuth<\/title>\n<meta name=\"robots\" content=\"index, follow, max-snippet:-1, max-image-preview:large, max-video-preview:-1\" \/>\n<link rel=\"canonical\" href=\"https:\/\/suessmuth.natural-logix.de\/\" \/>\n<meta property=\"og:locale\" content=\"de_DE\" \/>\n<meta property=\"og:type\" content=\"article\" \/>\n<meta property=\"og:title\" content=\"Start - KinderArztpraxis Mellendorf, Dr. med. Sandra S\u00fc\u00dfmuth\" \/>\n<meta property=\"og:description\" content=\"Dr. med. Sandra S\u00fc\u00dfmuthKinderArztpraxis MellendorfFach\u00e4rztin f\u00fcr Kinder- und Jugendmedizin, Kinderpneumologie, AllergologieLiebe Kinder und Jugendliche, liebe Eltern, das Praxisteam hei\u00dft sie herzlich Willkommen auf der Webseite unserer Kinder- und Jugendarztpraxis. Wir bieten das gesamte Spektrum der kinder-und jugend\u00e4rztlichen Grundversorgung mit zus\u00e4tzlichem Schwerpunkt auf Lungenerkrankungen und Allergien an (auch \u00fcberregional und auf Zuweisung). Mit viel Erfahrung und [&hellip;]\" \/>\n<meta property=\"og:url\" content=\"https:\/\/suessmuth.natural-logix.de\/\" \/>\n<meta property=\"og:site_name\" content=\"KinderArztpraxis Mellendorf, Dr. med. Sandra S\u00fc\u00dfmuth\" \/>\n<meta property=\"article:modified_time\" content=\"2024-06-28T02:51:35+00:00\" \/>\n<meta name=\"twitter:card\" content=\"summary_large_image\" \/>\n<meta name=\"twitter:label1\" content=\"Gesch\u00e4tzte Lesezeit\" \/>\n\t<meta name=\"twitter:data1\" content=\"14\u00a0Minuten\" \/>\n<script type=\"application\/ld+json\" class=\"yoast-schema-graph\">{\"@context\":\"https:\/\/schema.org\",\"@graph\":[{\"@type\":\"WebPage\",\"@id\":\"https:\/\/suessmuth.natural-logix.de\/\",\"url\":\"https:\/\/suessmuth.natural-logix.de\/\",\"name\":\"Start - KinderArztpraxis Mellendorf, Dr. med. Sandra S\u00fc\u00dfmuth\",\"isPartOf\":{\"@id\":\"https:\/\/suessmuth.natural-logix.de\/#website\"},\"datePublished\":\"2022-12-12T08:22:12+00:00\",\"dateModified\":\"2024-06-28T02:51:35+00:00\",\"breadcrumb\":{\"@id\":\"https:\/\/suessmuth.natural-logix.de\/#breadcrumb\"},\"inLanguage\":\"de\",\"potentialAction\":[{\"@type\":\"ReadAction\",\"target\":[\"https:\/\/suessmuth.natural-logix.de\/\"]}]},{\"@type\":\"BreadcrumbList\",\"@id\":\"https:\/\/suessmuth.natural-logix.de\/#breadcrumb\",\"itemListElement\":[{\"@type\":\"ListItem\",\"position\":1,\"name\":\"Startseite\",\"item\":\"https:\/\/suessmuth.natural-logix.de\/\"},{\"@type\":\"ListItem\",\"position\":2,\"name\":\"Start\"}]},{\"@type\":\"WebSite\",\"@id\":\"https:\/\/suessmuth.natural-logix.de\/#website\",\"url\":\"https:\/\/suessmuth.natural-logix.de\/\",\"name\":\"KinderArztpraxis Mellendorf, Dr. med. Sandra S\u00fc\u00dfmuth\",\"description\":\"\",\"potentialAction\":[{\"@type\":\"SearchAction\",\"target\":{\"@type\":\"EntryPoint\",\"urlTemplate\":\"https:\/\/suessmuth.natural-logix.de\/?s={search_term_string}\"},\"query-input\":\"required name=search_term_string\"}],\"inLanguage\":\"de\"}]}<\/script>\n<!-- \/ Yoast SEO plugin. -->","yoast_head_json":{"title":"Start - KinderArztpraxis Mellendorf, Dr. med. Sandra S\u00fc\u00dfmuth","robots":{"index":"index","follow":"follow","max-snippet":"max-snippet:-1","max-image-preview":"max-image-preview:large","max-video-preview":"max-video-preview:-1"},"canonical":"https:\/\/suessmuth.natural-logix.de\/","og_locale":"de_DE","og_type":"article","og_title":"Start - KinderArztpraxis Mellendorf, Dr. med. Sandra S\u00fc\u00dfmuth","og_description":"Dr. med. Sandra S\u00fc\u00dfmuthKinderArztpraxis MellendorfFach\u00e4rztin f\u00fcr Kinder- und Jugendmedizin, Kinderpneumologie, AllergologieLiebe Kinder und Jugendliche, liebe Eltern, das Praxisteam hei\u00dft sie herzlich Willkommen auf der Webseite unserer Kinder- und Jugendarztpraxis. Wir bieten das gesamte Spektrum der kinder-und jugend\u00e4rztlichen Grundversorgung mit zus\u00e4tzlichem Schwerpunkt auf Lungenerkrankungen und Allergien an (auch \u00fcberregional und auf Zuweisung). Mit viel Erfahrung und [&hellip;]","og_url":"https:\/\/suessmuth.natural-logix.de\/","og_site_name":"KinderArztpraxis Mellendorf, Dr. med. Sandra S\u00fc\u00dfmuth","article_modified_time":"2024-06-28T02:51:35+00:00","twitter_card":"summary_large_image","twitter_misc":{"Gesch\u00e4tzte Lesezeit":"14\u00a0Minuten"},"schema":{"@context":"https:\/\/schema.org","@graph":[{"@type":"WebPage","@id":"https:\/\/suessmuth.natural-logix.de\/","url":"https:\/\/suessmuth.natural-logix.de\/","name":"Start - KinderArztpraxis Mellendorf, Dr. med. Sandra S\u00fc\u00dfmuth","isPartOf":{"@id":"https:\/\/suessmuth.natural-logix.de\/#website"},"datePublished":"2022-12-12T08:22:12+00:00","dateModified":"2024-06-28T02:51:35+00:00","breadcrumb":{"@id":"https:\/\/suessmuth.natural-logix.de\/#breadcrumb"},"inLanguage":"de","potentialAction":[{"@type":"ReadAction","target":["https:\/\/suessmuth.natural-logix.de\/"]}]},{"@type":"BreadcrumbList","@id":"https:\/\/suessmuth.natural-logix.de\/#breadcrumb","itemListElement":[{"@type":"ListItem","position":1,"name":"Startseite","item":"https:\/\/suessmuth.natural-logix.de\/"},{"@type":"ListItem","position":2,"name":"Start"}]},{"@type":"WebSite","@id":"https:\/\/suessmuth.natural-logix.de\/#website","url":"https:\/\/suessmuth.natural-logix.de\/","name":"KinderArztpraxis Mellendorf, Dr. med. Sandra S\u00fc\u00dfmuth","description":"","potentialAction":[{"@type":"SearchAction","target":{"@type":"EntryPoint","urlTemplate":"https:\/\/suessmuth.natural-logix.de\/?s={search_term_string}"},"query-input":"required name=search_term_string"}],"inLanguage":"de"}]}},"_links":{"self":[{"href":"https:\/\/suessmuth.natural-logix.de\/index.php?rest_route=\/wp\/v2\/pages\/9"}],"collection":[{"href":"https:\/\/suessmuth.natural-logix.de\/index.php?rest_route=\/wp\/v2\/pages"}],"about":[{"href":"https:\/\/suessmuth.natural-logix.de\/index.php?rest_route=\/wp\/v2\/types\/page"}],"author":[{"embeddable":true,"href":"https:\/\/suessmuth.natural-logix.de\/index.php?rest_route=\/wp\/v2\/users\/2"}],"replies":[{"embeddable":true,"href":"https:\/\/suessmuth.natural-logix.de\/index.php?rest_route=%2Fwp%2Fv2%2Fcomments&post=9"}],"version-history":[{"count":22,"href":"https:\/\/suessmuth.natural-logix.de\/index.php?rest_route=\/wp\/v2\/pages\/9\/revisions"}],"predecessor-version":[{"id":248,"href":"https:\/\/suessmuth.natural-logix.de\/index.php?rest_route=\/wp\/v2\/pages\/9\/revisions\/248"}],"wp:attachment":[{"href":"https:\/\/suessmuth.natural-logix.de\/index.php?rest_route=%2Fwp%2Fv2%2Fmedia&parent=9"}],"curies":[{"name":"wp","href":"https:\/\/api.w.org\/{rel}","templated":true}]}}